{"id":376,"date":"2018-04-03T21:00:19","date_gmt":"2018-04-03T19:00:19","guid":{"rendered":"http:\/\/www.fengshuidulogic.com\/?page_id=376"},"modified":"2019-06-06T01:44:23","modified_gmt":"2019-06-05T23:44:23","slug":"salons","status":"publish","type":"page","link":"https:\/\/www.fengshuidulogic.com\/index.php\/salons\/","title":{"rendered":"SALONS"},"content":{"rendered":"<h3>Pr\u00e9sente au<strong> Salon des Th\u00e9rapies du Bien-\u00catre de Carpentras\u00a0<\/strong><\/h3>\n<p><strong>Samedi 28 et Dimanche 29<\/strong> <strong>Avril<\/strong> 2018 &#8211; <a href=\"https:\/\/goo.gl\/maps\/oRnPZ4xcDGx\">Espace Auzon<\/a><\/p>\n<p>Stand N\u00b0 40<\/p>\n<h3><strong>Conf\u00e9rence<\/strong> Dimanche \u00e0 15H<\/h3>\n<p><em><strong>&#8220;Plus d&#8217;Harmonie dans votre vie gr\u00e2ce au Feng-Shui&#8221;\u00a0<\/strong><\/em><\/p>\n<p>&#8221; V\u00e9ritable <strong>th\u00e9rapie de l&#8217;Habitat<\/strong>, votre home sweet home \u00e9tant comme votre second corps,\u00a0le feng-shui vous aide en douceur <strong>\u00e0 harmoniser tous les domaines de votre vie<\/strong><br \/>\net utilise la d\u00e9coration comme vecteur d&#8217;un mieux-\u00eatre,<br \/>\n<strong>tout en respectant vos go\u00fbts personnels et vos besoins profonds&#8221;\u00a0<\/strong><\/p>\n<p>&nbsp;<\/p>\n<p><img loading=\"lazy\" class=\"alignnone wp-image-377\" src=\"http:\/\/www.fengshuidulogic.com\/wp-content\/uploads\/2018\/04\/salon-bien-\u00eatre-Carpentras-fin-Avril-18-212x300.jpg\" alt=\"\" width=\"397\" height=\"562\" srcset=\"https:\/\/www.fengshuidulogic.com\/wp-content\/uploads\/2018\/04\/salon-bien-\u00eatre-Carpentras-fin-Avril-18-212x300.jpg 212w, https:\/\/www.fengshuidulogic.com\/wp-content\/uploads\/2018\/04\/salon-bien-\u00eatre-Carpentras-fin-Avril-18-610x862.jpg 610w, https:\/\/www.fengshuidulogic.com\/wp-content\/uploads\/2018\/04\/salon-bien-\u00eatre-Carpentras-fin-Avril-18.jpg 679w\" sizes=\"(max-width: 397px) 100vw, 397px\" \/><\/p>\n<p>&nbsp;<\/p>\n<p>ESPACE AUZON CARPENTRAS : Pour voir la carte Cliquez <a href=\"http:\/\/&lt;iframe src=&quot;https:\/\/www.google.com\/maps\/embed?pb=!1m14!1m8!1m3!1d11469.120620729684!2d5.0423846!3d44.0569233!3m2!1i1024!2i768!4f13.1!3m3!1m2!1s0x0%3A0x9df6bb70b88bf7e0!2sEspace+Auzon!5e0!3m2!1sfr!2sfr!4v1523538044149&quot; width=&quot;600&quot; height=&quot;450&quot; frameborder=&quot;0&quot; style=&quot;border:0&quot; allowfullscreen&gt;&lt;\/iframe&gt;\">ici <\/a><\/p>\n<p>&nbsp;<\/p>\n<p><strong>Infos<\/strong> : Anne-Sophie Nicolas &#8211; <strong>07 69 277 178<\/strong><\/p>\n<p>as.nicolas777@gmail.com<\/p>\n<p>&nbsp;<\/p>\n<p>&nbsp;<\/p>\n<p>&nbsp;<\/p>\n<p>&nbsp;<\/p>\n<span class=\"et_bloom_bottom_trigger\"><\/span>","protected":false},"excerpt":{"rendered":"<p>Pr\u00e9sente au Salon des Th\u00e9rapies du Bien-\u00catre de Carpentras\u00a0 Samedi 28 et Dimanche 29 Avril 2018 &#8211; Espace Auzon Stand N\u00b0 40 Conf\u00e9rence Dimanche \u00e0 15H &#8220;Plus d&#8217;Harmonie dans votre vie gr\u00e2ce au Feng-Shui&#8221;\u00a0 &#8221; V\u00e9ritable th\u00e9rapie de l&#8217;Habitat, votre home sweet home \u00e9tant comme votre second corps,\u00a0le feng-shui vous aide en douceur \u00e0 harmoniser [&hellip;]<\/p>\n","protected":false},"author":1,"featured_media":0,"parent":0,"menu_order":0,"comment_status":"closed","ping_status":"closed","template":"","meta":{"_et_pb_use_builder":"","_et_pb_old_content":"","_et_gb_content_width":""},"_links":{"self":[{"href":"https:\/\/www.fengshuidulogic.com\/index.php\/wp-json\/wp\/v2\/pages\/376"}],"collection":[{"href":"https:\/\/www.fengshuidulogic.com\/index.php\/wp-json\/wp\/v2\/pages"}],"about":[{"href":"https:\/\/www.fengshuidulogic.com\/index.php\/wp-json\/wp\/v2\/types\/page"}],"author":[{"embeddable":true,"href":"https:\/\/www.fengshuidulogic.com\/index.php\/wp-json\/wp\/v2\/users\/1"}],"replies":[{"embeddable":true,"href":"https:\/\/www.fengshuidulogic.com\/index.php\/wp-json\/wp\/v2\/comments?post=376"}],"version-history":[{"count":10,"href":"https:\/\/www.fengshuidulogic.com\/index.php\/wp-json\/wp\/v2\/pages\/376\/revisions"}],"predecessor-version":[{"id":860,"href":"https:\/\/www.fengshuidulogic.com\/index.php\/wp-json\/wp\/v2\/pages\/376\/revisions\/860"}],"wp:attachment":[{"href":"https:\/\/www.fengshuidulogic.com\/index.php\/wp-json\/wp\/v2\/media?parent=376"}],"curies":[{"name":"wp","href":"https:\/\/api.w.org\/{rel}","templated":true}]}}